{"id":7934,"date":"2015-11-04T13:28:54","date_gmt":"2015-11-04T11:28:54","guid":{"rendered":"http:\/\/www.tugramakinametal.com\/en\/?page_id=7934"},"modified":"2025-01-10T09:48:04","modified_gmt":"2025-01-10T06:48:04","slug":"contact","status":"publish","type":"page","link":"https:\/\/www.tugramakinametal.com\/en\/contact\/","title":{"rendered":"Contact"},"content":{"rendered":"<div class=\"wpb-content-wrapper\"><p>[vc_row type=&#8221;full-width-content&#8221; css=&#8221;.vc_custom_1422951406022{margin-top: 0px !important;margin-bottom: 0px !important;padding-top: 0px !important;padding-bottom: 0px !important;}&#8221;][vc_column][vc_column_text]<iframe loading=\"lazy\" style=\"border: 0;\" src=\"https:\/\/www.google.com\/maps\/embed?pb=!1m18!1m12!1m3!1d3047.1516720531977!2d28.9484615516304!3d40.20568897626901!2m3!1f0!2f0!3f0!3m2!1i1024!2i768!4f13.1!3m3!1m2!1s0x14ca114e7bdae407%3A0x888e6efa3ebd2070!2sTu%C4%9Fra+Makina+Metal!5e0!3m2!1sen!2str!4v1561710464248!5m2!1sen!2str\" width=\"100%\" height=\"350\" frameborder=\"0\" allowfullscreen=\"allowfullscreen\"><\/iframe>[\/vc_column_text][\/vc_column][\/vc_row][vc_row css=&#8221;.vc_custom_1422955894896{margin-bottom: 0px !important;padding-top: 93px !important;padding-bottom: 55px !important;}&#8221;][vc_column width=&#8221;1\/2&#8243; css=&#8221;.vc_custom_1422955914236{margin-bottom: 50px !important;}&#8221;][vc_custom_heading text=&#8221;Contact Form&#8221; font_container=&#8221;tag:h2|font_size:30|text_align:left&#8221; use_theme_fonts=&#8221;yes&#8221; css=&#8221;.vc_custom_1736491681670{margin-bottom: 12px !important;}&#8221;]<style type=\"text\/css\" >#rd_ey06cs6xli0ld92rugri .wpcf7,#rd_ey06cs6xli0ld92rugri input:not([type=submit]):not([type=checkbox]),#rd_ey06cs6xli0ld92rugri textarea,#rd_ey06cs6xli0ld92rugri .wpcf7 select,#rd_ey06cs6xli0ld92rugri .wpcf7 input[type=\"checkbox\"]:checked{color:#2c3e50;}#rd_ey06cs6xli0ld92rugri .wpcf7 input[type=\"checkbox\"]{background:rgba(0,0,0,0); color:rgba(0,0,0,0);}#rd_ey06cs6xli0ld92rugri .wpcf7 {font-weight:bold;}#rd_ey06cs6xli0ld92rugri .wpcf7 input[type=submit]{font-size:15px; font-weight:900; border-radius:2px; padding:11px 15px; letter-spacing: 0.5px; margin-top:3px;}#rd_ey06cs6xli0ld92rugri .wpcf7 input[type=submit]:hover {background:#2c3e50; color:#ffffff !important;}#rd_ey06cs6xli0ld92rugri .wpcf7 input:not([type=submit]):not([type=checkbox]),#rd_ey06cs6xli0ld92rugri textarea,#rd_ey06cs6xli0ld92rugri .wpcf7 select{border-radius:5px;}#rd_ey06cs6xli0ld92rugri .wpcf7 input:not([type=submit]),#rd_ey06cs6xli0ld92rugri textarea,#rd_ey06cs6xli0ld92rugri .wpcf7 input[type=submit],#rd_ey06cs6xli0ld92rugri .wpcf7 select{margin-top:3px;}#rd_ey06cs6xli0ld92rugri p{margin-bottom:23px;}#rd_ey06cs6xli0ld92rugri .wpcf7 input:not([type=submit]):not([type=checkbox]),#rd_ey06cs6xli0ld92rugri .wpcf7  textarea,#rd_ey06cs6xli0ld92rugri .wpcf7 select{border:1px solid #ebeef1; background:#ffffff;}#rd_ey06cs6xli0ld92rugri .wpcf7 input[type=submit]{background:#288bd0; color:#ffffff !important;}<\/style><div id=\"rd_ey06cs6xli0ld92rugri\" class=\"\">\n<div class=\"wpcf7 no-js\" id=\"wpcf7-f7311-o1\" lang=\"en-US\" dir=\"ltr\" data-wpcf7-id=\"7311\">\n<div class=\"screen-reader-response\"><p role=\"status\" aria-live=\"polite\" aria-atomic=\"true\"><\/p> <ul><\/ul><\/div>\n<form action=\"\/en\/wp-json\/wp\/v2\/pages\/7934#wpcf7-f7311-o1\" method=\"post\" class=\"wpcf7-form init\" aria-label=\"Contact form\" novalidate=\"novalidate\" data-status=\"init\">\n<fieldset class=\"hidden-fields-container\"><input type=\"hidden\" name=\"_wpcf7\" value=\"7311\" \/><input type=\"hidden\" name=\"_wpcf7_version\" value=\"6.1.5\" \/><input type=\"hidden\" name=\"_wpcf7_locale\" value=\"en_US\" \/><input type=\"hidden\" name=\"_wpcf7_unit_tag\" value=\"wpcf7-f7311-o1\" \/><input type=\"hidden\" name=\"_wpcf7_container_post\" value=\"0\" \/><input type=\"hidden\" name=\"_wpcf7_posted_data_hash\" value=\"\" \/><input type=\"hidden\" name=\"_wpcf7_recaptcha_response\" value=\"\" \/>\n<\/fieldset>\n<p>Your Name (required)\n<\/p>\n<p><span class=\"wpcf7-form-control-wrap\" data-name=\"your-name\"><input size=\"40\" maxlength=\"400\" class=\"wpcf7-form-control wpcf7-text wpcf7-validates-as-required\" aria-required=\"true\" aria-invalid=\"false\" value=\"\" type=\"text\" name=\"your-name\" \/><\/span>\n<\/p>\n<p>Your Email (required)\n<\/p>\n<p><span class=\"wpcf7-form-control-wrap\" data-name=\"your-email\"><input size=\"40\" maxlength=\"400\" class=\"wpcf7-form-control wpcf7-email wpcf7-validates-as-required wpcf7-text wpcf7-validates-as-email\" aria-required=\"true\" aria-invalid=\"false\" value=\"\" type=\"email\" name=\"your-email\" \/><\/span>\n<\/p>\n<p>Subject\n<\/p>\n<p><span class=\"wpcf7-form-control-wrap\" data-name=\"your-subject\"><input size=\"40\" maxlength=\"400\" class=\"wpcf7-form-control wpcf7-text\" aria-invalid=\"false\" value=\"\" type=\"text\" name=\"your-subject\" \/><\/span>\n<\/p>\n<p>Your Message\n<\/p>\n<p><span class=\"wpcf7-form-control-wrap\" data-name=\"your-message\"><textarea cols=\"40\" rows=\"10\" maxlength=\"2000\" class=\"wpcf7-form-control wpcf7-textarea\" aria-invalid=\"false\" name=\"your-message\"><\/textarea><\/span>\n<\/p>\n<p><input class=\"wpcf7-form-control wpcf7-submit has-spinner\" type=\"submit\" value=\"Send\" \/>\n<\/p><div class=\"wpcf7-response-output\" aria-hidden=\"true\"><\/div>\n<\/form>\n<\/div>\n<\/div>[\/vc_column][vc_column width=&#8221;1\/2&#8243; css=&#8221;.vc_custom_1422955906136{margin-bottom: 50px !important;}&#8221;][vc_custom_heading text=&#8221;Contact Information&#8221; font_container=&#8221;tag:h2|font_size:30|text_align:left&#8221; use_theme_fonts=&#8221;yes&#8221; css=&#8221;.vc_custom_1736491674559{margin-bottom: 12px !important;}&#8221;][vc_custom_heading text=&#8221;ADDRESS&#8221; font_container=&#8221;tag:h2|font_size:14|text_align:left&#8221; google_fonts=&#8221;font_family:Lato%3A100%2C100italic%2C300%2C300italic%2Cregular%2Citalic%2C700%2C700italic%2C900%2C900italic|font_style:900%20bold%20regular%3A900%3Anormal&#8221; css=&#8221;.vc_custom_1446640358481{margin-bottom: 0px !important;}&#8221;][vc_column_text css=&#8221;.vc_custom_1485936412130{margin-bottom: 11px !important;}&#8221;]Be\u015fevler K\u00fc\u00e7\u00fck Sanayi Sitesi 32. Blok No:73-74<br \/>\nNil\u00fcfer \/ Bursa\u00a0&#8211; TURKEY[\/vc_column_text][vc_custom_heading text=&#8221;GPS Coordinates&#8221; font_container=&#8221;tag:h2|font_size:14|text_align:left&#8221; google_fonts=&#8221;font_family:Lato%3A100%2C100italic%2C300%2C300italic%2Cregular%2Citalic%2C700%2C700italic%2C900%2C900italic|font_style:900%20bold%20regular%3A900%3Anormal&#8221; css=&#8221;.vc_custom_1647084512638{margin-bottom: 0px !important;}&#8221;][vc_column_text css=&#8221;.vc_custom_1647084519412{margin-bottom: 11px !important;}&#8221;]40\u00b012\u201920.9\u2033N<br \/>\n28\u00b057\u201903.4\u2033E[\/vc_column_text][vc_custom_heading text=&#8221;TELEPHONE&#8221; font_container=&#8221;tag:h2|font_size:14|text_align:left&#8221; google_fonts=&#8221;font_family:Lato%3A100%2C100italic%2C300%2C300italic%2Cregular%2Citalic%2C700%2C700italic%2C900%2C900italic|font_style:900%20bold%20regular%3A900%3Anormal&#8221; css=&#8221;.vc_custom_1446640365838{margin-bottom: 0px !important;}&#8221;][vc_column_text css=&#8221;.vc_custom_1646669503136{margin-bottom: 11px !important;}&#8221;]<a href=\"tel:+90 542 510 25 74\">+90 542 510 25 74<\/a><br \/>\n+90 224 441 32 10-11[\/vc_column_text][vc_custom_heading text=&#8221;FAX&#8221; font_container=&#8221;tag:h2|font_size:14|text_align:left&#8221; google_fonts=&#8221;font_family:Lato%3A100%2C100italic%2C300%2C300italic%2Cregular%2Citalic%2C700%2C700italic%2C900%2C900italic|font_style:900%20bold%20regular%3A900%3Anormal&#8221; css=&#8221;.vc_custom_1446640345126{margin-bottom: 0px !important;}&#8221;][vc_column_text css=&#8221;.vc_custom_1445592801579{margin-bottom: 11px !important;}&#8221;]+90 224 441 30 50[\/vc_column_text][vc_custom_heading text=&#8221;E-MAIL&#8221; font_container=&#8221;tag:h2|font_size:14|text_align:left&#8221; google_fonts=&#8221;font_family:Lato%3A100%2C100italic%2C300%2C300italic%2Cregular%2Citalic%2C700%2C700italic%2C900%2C900italic|font_style:900%20bold%20regular%3A900%3Anormal&#8221; css=&#8221;.vc_custom_1446640373028{margin-bottom: 0px !important;}&#8221;][vc_column_text css=&#8221;.vc_custom_1445592693060{margin-bottom: 11px !important;}&#8221;]<a href=\"mai&#108;&#116;&#111;&#58;&#x74;&#x75;&#x67;&#x72;&#x61;&#x40;&#x74;ugr&#97;&#109;&#97;&#107;&#105;&#x6e;&#x61;&#x6d;&#x65;&#x74;&#x61;l&#46;co&#109;\">&#116;&#x75;g&#x72;&#x61;&#64;&#x74;u&#x67;&#x72;&#97;&#x6d;a&#x6b;&#x69;&#110;&#x61;m&#x65;&#x74;&#97;&#x6c;&#46;&#x63;&#x6f;&#109;<\/a>[\/vc_column_text][vc_custom_heading text=&#8221;Working Hours&#8221; font_container=&#8221;tag:h2|font_size:14|text_align:left&#8221; google_fonts=&#8221;font_family:Lato%3A100%2C100italic%2C300%2C300italic%2Cregular%2Citalic%2C700%2C700italic%2C900%2C900italic|font_style:900%20bold%20regular%3A900%3Anormal&#8221; css=&#8221;.vc_custom_1647084535931{margin-bottom: 0px !important;}&#8221;][vc_column_text css=&#8221;.vc_custom_1647084565392{margin-bottom: 11px !important;}&#8221;]Monday \u2013 Saturday<br \/>\n08:00AM \u2013 06:00PM[\/vc_column_text][\/vc_column][\/vc_row]<\/p>\n<\/div>","protected":false},"excerpt":{"rendered":"<p>[vc_row type=&#8221;full-width-content&#8221; css=&#8221;.vc_custom_1422951406022{margin-top: 0px !important;margin-bottom: 0px !important;padding-top: 0px !important;padding-bottom: 0px !important;}&#8221;][vc_column][vc_column_text][\/vc_column_text][\/vc_column][\/vc_row][vc_row css=&#8221;.vc_custom_1422955894896{margin-bottom: 0px !important;padding-top: 93px !important;padding-bottom: 55px !important;}&#8221;][vc_column width=&#8221;1\/2&#8243; css=&#8221;.vc_custom_1422955914236{margin-bottom: 50px !important;}&#8221;][vc_custom_heading text=&#8221;Contact Form&#8221; font_container=&#8221;tag:h2|font_size:30|text_align:left&#8221; use_theme_fonts=&#8221;yes&#8221; css=&#8221;.vc_custom_1736491681670{margin-bottom: 12px !important;}&#8221;] Your Name (required) Your Email (required) Subject Your Message [\/vc_column][vc_column width=&#8221;1\/2&#8243; css=&#8221;.vc_custom_1422955906136{margin-bottom: 50px !important;}&#8221;][vc_custom_heading text=&#8221;Contact Information&#8221; font_container=&#8221;tag:h2|font_size:30|text_align:left&#8221; use_theme_fonts=&#8221;yes&#8221; css=&#8221;.vc_custom_1736491674559{margin-bottom: 12px !important;}&#8221;][vc_custom_heading text=&#8221;ADDRESS&#8221; font_container=&#8221;tag:h2|font_size:14|text_align:left&#8221; google_fonts=&#8221;font_family:Lato%3A100%2C100italic%2C300%2C300italic%2Cregular%2Citalic%2C700%2C700italic%2C900%2C900italic|font_style:900%20bold%20regular%3A900%3Anormal&#8221; css=&#8221;.vc_custom_1446640358481{margin-bottom: 0px<br \/><a href=\"https:\/\/www.tugramakinametal.com\/en\/contact\/\" class=\"more\">Read more<\/a><\/p>\n","protected":false},"author":1,"featured_media":0,"parent":0,"menu_order":0,"comment_status":"closed","ping_status":"closed","template":"","meta":{"footnotes":""},"class_list":["post-7934","page","type-page","status-publish","hentry"],"aioseo_notices":[],"_links":{"self":[{"href":"https:\/\/www.tugramakinametal.com\/en\/wp-json\/wp\/v2\/pages\/7934","targetHints":{"allow":["GET"]}}],"collection":[{"href":"https:\/\/www.tugramakinametal.com\/en\/wp-json\/wp\/v2\/pages"}],"about":[{"href":"https:\/\/www.tugramakinametal.com\/en\/wp-json\/wp\/v2\/types\/page"}],"author":[{"embeddable":true,"href":"https:\/\/www.tugramakinametal.com\/en\/wp-json\/wp\/v2\/users\/1"}],"replies":[{"embeddable":true,"href":"https:\/\/www.tugramakinametal.com\/en\/wp-json\/wp\/v2\/comments?post=7934"}],"version-history":[{"count":5,"href":"https:\/\/www.tugramakinametal.com\/en\/wp-json\/wp\/v2\/pages\/7934\/revisions"}],"predecessor-version":[{"id":9757,"href":"https:\/\/www.tugramakinametal.com\/en\/wp-json\/wp\/v2\/pages\/7934\/revisions\/9757"}],"wp:attachment":[{"href":"https:\/\/www.tugramakinametal.com\/en\/wp-json\/wp\/v2\/media?parent=7934"}],"curies":[{"name":"wp","href":"https:\/\/api.w.org\/{rel}","templated":true}]}}